{"id":242,"date":"2025-11-26T09:02:42","date_gmt":"2025-11-26T09:02:42","guid":{"rendered":"https:\/\/pemandalucia.com\/?page_id=242"},"modified":"2026-04-15T11:07:53","modified_gmt":"2026-04-15T11:07:53","slug":"sobre-nosotros","status":"publish","type":"page","link":"https:\/\/pemandalucia.com\/index.php\/sobre-nosotros\/","title":{"rendered":"Sobre Nosotros"},"content":{"rendered":"\n<p><strong>Bienvenida institucional del CACOAAT al Banco de Precios PEM-A<\/strong><\/p>\n\n\n\n<p>Estimados compa\u00f1eros, profesionales del sector y ciudadanos.<\/p>\n\n\n\n<p>Es para nosotros un inmenso honor, como representantes del Consejo Andaluz de Colegios Oficiales de la Arquitectura T\u00e9cnica <strong>(CACOAT)<\/strong>, presentar <strong>PEM-A, el<\/strong> <strong>Banco de Precios de Ejecuci\u00f3n Material de Andaluc\u00eda<\/strong>, una iniciativa pionera que encarna la esencia de nuestra experiencia colectiva: rigor, conocimiento profesional y un profundo compromiso con la sociedad.<\/p>\n\n\n\n<p>Durante mucho tiempo, hemos detectado la necesidad de contar con una referencia de precios real, concreta y transparente, que entendiese las singularidades del sector andaluz. No quer\u00edamos estimaciones te\u00f3ricas, sino datos fiables, basados en la experiencia directa a pie de obra, poniendo el foco en los costes reales de cada partida, de cada material y de cada hora de trabajo. PEM-A es la respuesta a esa demanda.<\/p>\n\n\n\n<p><strong>Con PEM-A, no solo ofrecemos una base de datos, ofrecemos confianza<\/strong>. Confianza para el ciudadano que invierte sus ahorros en un hogar. Confianza para el constructor que arriesga su capital en un proyecto. Confianza para la Administraci\u00f3n P\u00fablica que gestiona fondos p\u00fablicos. Y, por supuesto, confianza para el profesional que firma un presupuesto con la seguridad de estar respaldado por el est\u00e1ndar m\u00e1s fiable del mercado.<\/p>\n\n\n\n<p>Nuestra aspiraci\u00f3n es clara: que PEM-A se convierta en la columna vertebral de los precios de la construcci\u00f3n en Andaluc\u00eda. <strong>Un referente indiscutible por su precisi\u00f3n, su constante actualizaci\u00f3n y, sobre todo, por llevar el sello de garant\u00eda y la profesionalidad de los arquitectos t\u00e9cnicos de nuestra tierra.<\/strong><\/p>\n\n\n\n<p>Este proyecto constituye un paso decisivo hacia un futuro m\u00e1s transparente, eficiente y equitativo. Con esta iniciativa, el Consejo Andaluz de Colegios Oficiales de la Arquitectura T\u00e9cnica (CACOAT) reafirma su compromiso con la modernizaci\u00f3n del sector y con la mejora continua del entorno construido, contribuyendo as\u00ed al bienestar social y a un desarrollo m\u00e1s justo y sostenible para todos.<\/p>\n\n\n\n<p><strong>Bienvenidos a PEM-A. Gracias por confiar en esta iniciativa que transforma el conocimiento t\u00e9cnico en valor social.<\/strong><\/p>\n","protected":false},"excerpt":{"rendered":"<p>Bienvenida institucional del CACOAAT al Banco de Precios PEM-A Estimados compa\u00f1eros, profesionales del sector y ciudadanos. Es para nosotros un inmenso honor, como representantes del Consejo Andaluz de Colegios Oficiales de la Arquitectura T\u00e9cnica (CACOAT), presentar PEM-A, el Banco de Precios de Ejecuci\u00f3n Material de Andaluc\u00eda, una iniciativa pionera que encarna la esencia de nuestra [&hellip;]<\/p>\n","protected":false},"author":1,"featured_media":0,"parent":0,"menu_order":0,"comment_status":"closed","ping_status":"closed","template":"","meta":{"footnotes":""},"class_list":["post-242","page","type-page","status-publish","hentry"],"_links":{"self":[{"href":"https:\/\/pemandalucia.com\/index.php\/wp-json\/wp\/v2\/pages\/242","targetHints":{"allow":["GET"]}}],"collection":[{"href":"https:\/\/pemandalucia.com\/index.php\/wp-json\/wp\/v2\/pages"}],"about":[{"href":"https:\/\/pemandalucia.com\/index.php\/wp-json\/wp\/v2\/types\/page"}],"author":[{"embeddable":true,"href":"https:\/\/pemandalucia.com\/index.php\/wp-json\/wp\/v2\/users\/1"}],"replies":[{"embeddable":true,"href":"https:\/\/pemandalucia.com\/index.php\/wp-json\/wp\/v2\/comments?post=242"}],"version-history":[{"count":4,"href":"https:\/\/pemandalucia.com\/index.php\/wp-json\/wp\/v2\/pages\/242\/revisions"}],"predecessor-version":[{"id":276,"href":"https:\/\/pemandalucia.com\/index.php\/wp-json\/wp\/v2\/pages\/242\/revisions\/276"}],"wp:attachment":[{"href":"https:\/\/pemandalucia.com\/index.php\/wp-json\/wp\/v2\/media?parent=242"}],"curies":[{"name":"wp","href":"https:\/\/api.w.org\/{rel}","templated":true}]}}