{"id":38,"date":"2025-10-07T09:22:19","date_gmt":"2025-10-07T09:22:19","guid":{"rendered":"https:\/\/pemandalucia.com\/?page_id=38"},"modified":"2026-04-15T11:05:25","modified_gmt":"2026-04-15T11:05:25","slug":"introduccion","status":"publish","type":"page","link":"https:\/\/pemandalucia.com\/","title":{"rendered":"Introducci\u00f3n"},"content":{"rendered":"\n<p class=\"has-text-align-center\"><strong>\u00a1\u00a1ATENCI\u00d3N!! \u00a1\u00a1P\u00c1GINA EN MANTENIMIENTO!! Volveremos a estar funcionando en breve.<\/strong><\/p>\n\n\n\n<p><strong>PEM-A: El Est\u00e1ndar de Precios para la Construcci\u00f3n en Andaluc\u00eda<\/strong><\/p>\n\n\n\n<p>El sector de la construcci\u00f3n en Andaluc\u00eda se encuentra en constante evoluci\u00f3n, demandando herramientas cada vez m\u00e1s precisas, fiables y adaptadas a la realidad de nuestro mercado. En respuesta a esta necesidad, el Consejo Andaluz de Colegios Oficiales de la Arquitectura T\u00e9cnica (CACOAT) se enorgullece en presentar los <strong>Precios de Ejecuci\u00f3n Material de Andaluc\u00eda (PEM-A)<\/strong>.<\/p>\n\n\n\n<p>PEM-A no es solo un banco de precios; es una herramienta de trabajo fundamental, concebida y desarrollada desde la experiencia directa a pie de obra. Creado por y para profesionales, nace con la vocaci\u00f3n de convertirse en el pilar sobre el que se apoyen los presupuestos, licitaciones y valoraciones en toda nuestra comunidad.<\/p>\n\n\n\n<p>Esta base de datos ofrece un reflejo fiel y actualizado de los costes reales de ejecuci\u00f3n material, aportando transparencia y rigor a todos los agentes del sector:<\/p>\n\n\n\n<ul class=\"wp-block-list\">\n<li>Para los <strong>particulares y promotores<\/strong>, supone una garant\u00eda de transparencia y la certeza de trabajar con presupuestos justos y ajustados al mercado.<\/li>\n<\/ul>\n\n\n\n<ul class=\"wp-block-list\">\n<li>Para las <strong>empresas constructoras<\/strong>, es una referencia indispensable para la elaboraci\u00f3n de ofertas competitivas y la optimizaci\u00f3n de sus costes.<\/li>\n<\/ul>\n\n\n\n<ul class=\"wp-block-list\">\n<li>Para los <strong>profesionales (Arquitectos, Arquitectos T\u00e9cnicos, Ingenieros, Ingenieros T\u00e9cnicos\u2026)<\/strong>, es el aliado perfecto que agiliza la redacci\u00f3n de proyectos y mediciones, ofreciendo una base s\u00f3lida y fiable.<\/li>\n<\/ul>\n\n\n\n<ul class=\"wp-block-list\">\n<li>Para la <strong>Administraci\u00f3n P\u00fablica<\/strong>, se establece como un est\u00e1ndar de mercado que facilita la licitaci\u00f3n de obra p\u00fablica, garantizando la equidad y la eficiencia en la inversi\u00f3n.<\/li>\n<\/ul>\n\n\n\n<p>Les invitamos a descubrir PEM-A, la herramienta que marcar\u00e1 un antes y un despu\u00e9s en la forma de construir en Andaluc\u00eda.<\/p>\n\n\n\n<p><\/p>\n","protected":false},"excerpt":{"rendered":"<p>\u00a1\u00a1ATENCI\u00d3N!! \u00a1\u00a1P\u00c1GINA EN MANTENIMIENTO!! Volveremos a estar funcionando en breve. PEM-A: El Est\u00e1ndar de Precios para la Construcci\u00f3n en Andaluc\u00eda El sector de la construcci\u00f3n en Andaluc\u00eda se encuentra en constante evoluci\u00f3n, demandando herramientas cada vez m\u00e1s precisas, fiables y adaptadas a la realidad de nuestro mercado. En respuesta a esta necesidad, el Consejo Andaluz [&hellip;]<\/p>\n","protected":false},"author":1,"featured_media":0,"parent":0,"menu_order":0,"comment_status":"closed","ping_status":"closed","template":"","meta":{"footnotes":""},"class_list":["post-38","page","type-page","status-publish","hentry"],"_links":{"self":[{"href":"https:\/\/pemandalucia.com\/index.php\/wp-json\/wp\/v2\/pages\/38","targetHints":{"allow":["GET"]}}],"collection":[{"href":"https:\/\/pemandalucia.com\/index.php\/wp-json\/wp\/v2\/pages"}],"about":[{"href":"https:\/\/pemandalucia.com\/index.php\/wp-json\/wp\/v2\/types\/page"}],"author":[{"embeddable":true,"href":"https:\/\/pemandalucia.com\/index.php\/wp-json\/wp\/v2\/users\/1"}],"replies":[{"embeddable":true,"href":"https:\/\/pemandalucia.com\/index.php\/wp-json\/wp\/v2\/comments?post=38"}],"version-history":[{"count":7,"href":"https:\/\/pemandalucia.com\/index.php\/wp-json\/wp\/v2\/pages\/38\/revisions"}],"predecessor-version":[{"id":272,"href":"https:\/\/pemandalucia.com\/index.php\/wp-json\/wp\/v2\/pages\/38\/revisions\/272"}],"wp:attachment":[{"href":"https:\/\/pemandalucia.com\/index.php\/wp-json\/wp\/v2\/media?parent=38"}],"curies":[{"name":"wp","href":"https:\/\/api.w.org\/{rel}","templated":true}]}}